{"id":24,"date":"2025-10-12T06:55:23","date_gmt":"2025-10-12T04:55:23","guid":{"rendered":"https:\/\/kamaniaudio.com\/procesandoideas\/?page_id=24"},"modified":"2026-02-21T04:31:25","modified_gmt":"2026-02-21T08:31:25","slug":"episodios","status":"publish","type":"page","link":"https:\/\/kamaniaudio.com\/procesandoideas\/episodios\/","title":{"rendered":"Episodios de Procesando Ideas"},"content":{"rendered":"\n<div class=\"wp-block-query is-layout-flow wp-block-query-is-layout-flow\"><ul class=\"columns-3 wp-block-post-template is-layout-grid wp-container-core-post-template-is-layout-6d3fbd8f wp-block-post-template-is-layout-grid\"><li class=\"wp-block-post post-244 post type-post status-publish format-standard has-post-thumbnail hentry category-podcast tag-ia tag-mentalidad tag-podcasting\">\n\n<div class=\"wp-block-group is-layout-flow wp-block-group-is-layout-flow\" style=\"padding-top:30px;padding-right:30px;padding-bottom:30px;padding-left:30px\"><h2 class=\"wp-block-post-title\"><a href=\"https:\/\/kamaniaudio.com\/procesandoideas\/sujetando-el-micro-13-podcasting\/\" target=\"_self\" >Sujetando el micro | 13 #podcasting<\/a><\/h2>\n\n<div class=\"wp-block-post-excerpt\"><p class=\"wp-block-post-excerpt__excerpt\">\u00bfEs el podcast solo un veh\u00edculo de informaci\u00f3n o un v\u00ednculo humano? A ra\u00edz de una menci\u00f3n de Emilcar en \u00abSuj\u00e9tame el micro\u00bb, reflexiono sobre mi identidad como Mujsica y Phusiri, analizo la \u00abplasticidad\u00bb de la IA en casos como Borja Gir\u00f3n o CLACSO Radio, y defiendo el valor de la curadur\u00eda frente a lo&hellip; <\/p><\/div>\n\n<div class=\"wp-block-post-date\"><time datetime=\"2026-03-12T09:47:34-04:00\">2026-03-12<\/time><\/div><\/div>\n\n<\/li><li class=\"wp-block-post post-231 post type-post status-publish format-standard has-post-thumbnail hentry category-podcast tag-mentalidad tag-procesos tag-productividad\">\n\n<div class=\"wp-block-group is-layout-flow wp-block-group-is-layout-flow\" style=\"padding-top:30px;padding-right:30px;padding-bottom:30px;padding-left:30px\"><h2 class=\"wp-block-post-title\"><a href=\"https:\/\/kamaniaudio.com\/procesandoideas\/la-palabra-y-el-mapa-12\/\" target=\"_self\" >La palabra y el mapa | 12<\/a><\/h2>\n\n<div class=\"wp-block-post-excerpt\"><p class=\"wp-block-post-excerpt__excerpt\">Exploramos por qu\u00e9 los sistemas de objetivos anuales suelen fallar y c\u00f3mo la t\u00e9cnica de elegir una \u00abPalabra del A\u00f1o\u00bb puede rescatar nuestra agencia y sentido de identidad. <\/p><\/div>\n\n<div class=\"wp-block-post-date\"><time datetime=\"2026-03-07T07:00:00-04:00\">2026-03-07<\/time><\/div><\/div>\n\n<\/li><li class=\"wp-block-post post-161 post type-post status-publish format-standard has-post-thumbnail hentry category-podcast tag-procesos tag-productividad\">\n\n<div class=\"wp-block-group is-layout-flow wp-block-group-is-layout-flow\" style=\"padding-top:30px;padding-right:30px;padding-bottom:30px;padding-left:30px\"><h2 class=\"wp-block-post-title\"><a href=\"https:\/\/kamaniaudio.com\/procesandoideas\/ano-nuevo-vida-nueva-11\/\" target=\"_self\" >\u00bfA\u00f1o nuevo, vida nueva? | 11<\/a><\/h2>\n\n<div class=\"wp-block-post-excerpt\"><p class=\"wp-block-post-excerpt__excerpt\">\u00bfEs el 1 de enero realmente el inicio de tu a\u00f1o? Exploramos el concepto de \u00abviolencia blanda\u00bb del calendario, los rituales c\u00edclicos de renovaci\u00f3n y por qu\u00e9 planificar es, ante todo, un ejercicio de autoconocimiento y aceptaci\u00f3n de nuestra finitud. <\/p><\/div>\n\n<div class=\"wp-block-post-date\"><time datetime=\"2026-02-20T03:26:08-04:00\">2026-02-20<\/time><\/div><\/div>\n\n<\/li><li class=\"wp-block-post post-147 post type-post status-publish format-standard has-post-thumbnail hentry category-podcast tag-mentalidad tag-productividad\">\n\n<div class=\"wp-block-group is-layout-flow wp-block-group-is-layout-flow\" style=\"padding-top:30px;padding-right:30px;padding-bottom:30px;padding-left:30px\"><h2 class=\"wp-block-post-title\"><a href=\"https:\/\/kamaniaudio.com\/procesandoideas\/enjuiciado-por-la-ley-de-parkinson-10\/\" target=\"_self\" >Enjuiciado por la Ley de Parkinson: Reflexiones sobre tiempo, productividad y resiliencia | 10<\/a><\/h2>\n\n<div class=\"wp-block-post-excerpt\"><p class=\"wp-block-post-excerpt__excerpt\">Aqu\u00ed comparto c\u00f3mo enfrent\u00e9 la Ley de Parkinson (y la Ley de Murphy) mientras redactaba un libro bajo presi\u00f3n, lidiaba con accidentes familiares y gestionaba una sobrecarga laboral. Algunas estrategias de productividad, manejo del estr\u00e9s y la importancia de la resiliencia. https:\/\/kamaniaudio.com\/procesandoideas\/enjuiciado-por-la-ley-de-parkinson-10\/ <\/p><\/div>\n\n<div class=\"wp-block-post-date\"><time datetime=\"2025-12-17T08:30:00-04:00\">2025-12-17<\/time><\/div><\/div>\n\n<\/li><li class=\"wp-block-post post-117 post type-post status-publish format-standard has-post-thumbnail hentry category-podcast tag-mentalidad tag-productividad\">\n\n<div class=\"wp-block-group is-layout-flow wp-block-group-is-layout-flow\" style=\"padding-top:30px;padding-right:30px;padding-bottom:30px;padding-left:30px\"><h2 class=\"wp-block-post-title\"><a href=\"https:\/\/kamaniaudio.com\/procesandoideas\/ley-de-parkinson-y-el-enfoque-09\/\" target=\"_self\" >El tiempo se expande: La ley de Parkinson y el enfoque | 09<\/a><\/h2>\n\n<div class=\"wp-block-post-excerpt\"><p class=\"wp-block-post-excerpt__excerpt\">\u00bfAlguna vez has notado que, por m\u00e1s tiempo que tengas para entregar algo, siempre terminas en modo de emergencia minutos antes del plazo? No es casualidad: est\u00e1s experimentando la Ley de Parkinson. https:\/\/kamaniaudio.com\/procesandoideas\/ley-de-parkinson-y-el-enfoque-09\/ <\/p><\/div>\n\n<div class=\"wp-block-post-date\"><time datetime=\"2025-11-14T08:00:00-04:00\">2025-11-14<\/time><\/div><\/div>\n\n<\/li><li class=\"wp-block-post post-111 post type-post status-publish format-standard has-post-thumbnail hentry category-podcast tag-app\">\n\n<div class=\"wp-block-group is-layout-flow wp-block-group-is-layout-flow\" style=\"padding-top:30px;padding-right:30px;padding-bottom:30px;padding-left:30px\"><h2 class=\"wp-block-post-title\"><a href=\"https:\/\/kamaniaudio.com\/procesandoideas\/f-droid-para-aplicaciones-alternativas-08\/\" target=\"_self\" >F-Droid, la puerta a aplicaciones alternativas | 08<\/a><\/h2>\n\n<div class=\"wp-block-post-excerpt\"><p class=\"wp-block-post-excerpt__excerpt\">F-Droid es una\u00a0tienda de aplicaciones\u00a0y un repositorio para Android que solo ofrece software libre y de c\u00f3digo abierto. https:\/\/kamaniaudio.com\/procesandoideas\/f-droid-para-aplicaciones-alternativas-08\/ <\/p><\/div>\n\n<div class=\"wp-block-post-date\"><time datetime=\"2025-10-30T08:25:03-04:00\">2025-10-30<\/time><\/div><\/div>\n\n<\/li><li class=\"wp-block-post post-95 post type-post status-publish format-standard has-post-thumbnail hentry category-podcast tag-procesos tag-productividad\">\n\n<div class=\"wp-block-group is-layout-flow wp-block-group-is-layout-flow\" style=\"padding-top:30px;padding-right:30px;padding-bottom:30px;padding-left:30px\"><h2 class=\"wp-block-post-title\"><a href=\"https:\/\/kamaniaudio.com\/procesandoideas\/aclarar-ideas-07\/\" target=\"_self\" >Aclarar, cosas e ideas | 07<\/a><\/h2>\n\n<div class=\"wp-block-post-excerpt\"><p class=\"wp-block-post-excerpt__excerpt\">Hablamos del desaf\u00edo com\u00fan entre creadoras (es): la acumulaci\u00f3n desordenada de notas, ideas y datos sin un sistema para darles sentido. Propone \u00abaclarar\u00bb como el primer paso esencial en cualquier proceso creativo: distinguir entre lo que es una idea y lo que es simplemente una cosa. <\/p><\/div>\n\n<div class=\"wp-block-post-date\"><time datetime=\"2025-10-16T06:00:00-04:00\">2025-10-16<\/time><\/div><\/div>\n\n<\/li><li class=\"wp-block-post post-34 post type-post status-publish format-standard has-post-thumbnail hentry category-podcast tag-podcasting\">\n\n<div class=\"wp-block-group is-layout-flow wp-block-group-is-layout-flow\" style=\"padding-top:30px;padding-right:30px;padding-bottom:30px;padding-left:30px\"><h2 class=\"wp-block-post-title\"><a href=\"https:\/\/kamaniaudio.com\/procesandoideas\/caminando-en-el-dia-internacional-del-podcast-06\/\" target=\"_self\" >Caminando en el D\u00eda Internacional del Podcast | 06<\/a><\/h2>\n\n<div class=\"wp-block-post-excerpt\"><p class=\"wp-block-post-excerpt__excerpt\">Episodio improvisado del D\u00eda Internacional del Podcast, donde reflexiono sobre la producci\u00f3n tras una pausa por enfermedad (y viajes de trabajo) y comparto 2 herramientas. <\/p><\/div>\n\n<div class=\"wp-block-post-date\"><time datetime=\"2025-09-30T16:00:00-04:00\">2025-09-30<\/time><\/div><\/div>\n\n<\/li><li class=\"wp-block-post post-35 post type-post status-publish format-standard has-post-thumbnail hentry category-podcast tag-app tag-procesos\">\n\n<div class=\"wp-block-group is-layout-flow wp-block-group-is-layout-flow\" style=\"padding-top:30px;padding-right:30px;padding-bottom:30px;padding-left:30px\"><h2 class=\"wp-block-post-title\"><a href=\"https:\/\/kamaniaudio.com\/procesandoideas\/google-keep-y-la-captura-rapida-05\/\" target=\"_self\" >Google Keep y la Captura r\u00e1pida de Pensamientos | 05<\/a><\/h2>\n\n<div class=\"wp-block-post-excerpt\"><p class=\"wp-block-post-excerpt__excerpt\">\u00bfCu\u00e1ntas veces una gran idea se nos ha escapado simplemente por no haberla anotado a tiempo? En este episodio hablamos sobre la captura r\u00e1pida de pensamientos como un h\u00e1bito fundamental para todo proceso creativo. <\/p><\/div>\n\n<div class=\"wp-block-post-date\"><time datetime=\"2025-07-02T06:33:00-04:00\">2025-07-02<\/time><\/div><\/div>\n\n<\/li><li class=\"wp-block-post post-36 post type-post status-publish format-standard has-post-thumbnail hentry category-podcast tag-mentalidad\">\n\n<div class=\"wp-block-group is-layout-flow wp-block-group-is-layout-flow\" style=\"padding-top:30px;padding-right:30px;padding-bottom:30px;padding-left:30px\"><h2 class=\"wp-block-post-title\"><a href=\"https:\/\/kamaniaudio.com\/procesandoideas\/no-soy-un-impostor-04\/\" target=\"_self\" >No soy un impostor (pero a veces lo siento) | 04<\/a><\/h2>\n\n<div class=\"wp-block-post-excerpt\"><p class=\"wp-block-post-excerpt__excerpt\">Nos adentramos en una sensaci\u00f3n que muchas personas creativas, profesionales y sensibles conocen bien: el s\u00edndrome del impostor. Esa voz interna que nos hace dudar de nuestros logros, que nos convence de que no merecemos reconocimiento, y que nos paraliza justo cuando estamos por compartir algo valioso. <\/p><\/div>\n\n<div class=\"wp-block-post-date\"><time datetime=\"2025-06-18T06:21:00-04:00\">2025-06-18<\/time><\/div><\/div>\n\n<\/li><li class=\"wp-block-post post-37 post type-post status-publish format-standard has-post-thumbnail hentry category-podcast tag-mentalidad\">\n\n<div class=\"wp-block-group is-layout-flow wp-block-group-is-layout-flow\" style=\"padding-top:30px;padding-right:30px;padding-bottom:30px;padding-left:30px\"><h2 class=\"wp-block-post-title\"><a href=\"https:\/\/kamaniaudio.com\/procesandoideas\/paralisis-por-analisis-03\/\" target=\"_self\" >Par\u00e1lisis por An\u00e1lisis: El ciclo infinito de preparaci\u00f3n | 03<\/a><\/h2>\n\n<div class=\"wp-block-post-excerpt\"><p class=\"wp-block-post-excerpt__excerpt\">La\u00a0par\u00e1lisis por an\u00e1lisis, un ciclo de preparaci\u00f3n excesiva que impide la acci\u00f3n. Te comparto mi experiencia al retomar este podcast tras dos a\u00f1os de inactividad. <\/p><\/div>\n\n<div class=\"wp-block-post-date\"><time datetime=\"2025-06-04T07:00:00-04:00\">2025-06-04<\/time><\/div><\/div>\n\n<\/li><li class=\"wp-block-post post-38 post type-post status-publish format-standard has-post-thumbnail hentry category-podcast tag-procesos\">\n\n<div class=\"wp-block-group is-layout-flow wp-block-group-is-layout-flow\" style=\"padding-top:30px;padding-right:30px;padding-bottom:30px;padding-left:30px\"><h2 class=\"wp-block-post-title\"><a href=\"https:\/\/kamaniaudio.com\/procesandoideas\/capturar-02\/\" target=\"_self\" >Capturar \u00bfCu\u00e1l era la idea? | 02<\/a><\/h2>\n\n<div class=\"wp-block-post-excerpt\"><p class=\"wp-block-post-excerpt__excerpt\">La\u00a0captura\u00a0de ideas y pensamientos es fundamental para la creatividad: es el primer paso para HACER y RE-ACCIONAR. Responderemos dos preguntas: \u00bfC\u00f3mo capturar ideas? y \u00bfD\u00f3nde guardarlas? <\/p><\/div>\n\n<div class=\"wp-block-post-date\"><time datetime=\"2022-05-15T12:12:00-04:00\">2022-05-15<\/time><\/div><\/div>\n\n<\/li><li class=\"wp-block-post post-39 post type-post status-publish format-standard has-post-thumbnail hentry category-podcast tag-mentalidad tag-procesos\">\n\n<div class=\"wp-block-group is-layout-flow wp-block-group-is-layout-flow\" style=\"padding-top:30px;padding-right:30px;padding-bottom:30px;padding-left:30px\"><h2 class=\"wp-block-post-title\"><a href=\"https:\/\/kamaniaudio.com\/procesandoideas\/procesando-ideas-presentacion-01\/\" target=\"_self\" >Procesando Ideas. Presentaci\u00f3n | 01<\/a><\/h2>\n\n<div class=\"wp-block-post-excerpt\"><p class=\"wp-block-post-excerpt__excerpt\">Una idea tiene la caracter\u00edstica y particularidad de ser pasajera, fugaz. Y al mismo tiempo, tiene la virtud y el potencial para resolver problemas que duelen al planeta, a la humanidad, a nosotros. \u00bfC\u00f3mo logramos que una idea deje de ser pasajera? https:\/\/kamaniaudio.com\/procesandoideas\/procesando-ideas-presentacion-01\/ <\/p><\/div>\n\n<div class=\"wp-block-post-date\"><time datetime=\"2022-05-01T12:25:00-04:00\">2022-05-01<\/time><\/div><\/div>\n\n<\/li><\/ul><\/div>\n","protected":false},"excerpt":{"rendered":"<p>Aqu\u00ed tienes el compilado de episodios del podcast Procesando Ideas. An\u00edmate a explorar este mundo sonoro.<\/p>\n","protected":false},"author":5,"featured_media":28,"parent":0,"menu_order":0,"comment_status":"closed","ping_status":"closed","template":"","meta":{"_uag_custom_page_level_css":"","site-sidebar-layout":"default","site-content-layout":"","ast-site-content-layout":"default","site-content-style":"default","site-sidebar-style":"default","ast-global-header-display":"","ast-banner-title-visibility":"","ast-main-header-display":"","ast-hfb-above-header-display":"","ast-hfb-below-header-display":"","ast-hfb-mobile-header-display":"","site-post-title":"","ast-breadcrumbs-content":"","ast-featured-img":"disabled","footer-sml-layout":"","ast-disable-related-posts":"","theme-transparent-header-meta":"","adv-header-id-meta":"","stick-header-meta":"","header-above-stick-meta":"","header-main-stick-meta":"","header-below-stick-meta":"","astra-migrate-meta-layouts":"default","ast-page-background-enabled":"default","ast-page-background-meta":{"desktop":{"background-color":"var(--ast-global-color-5)","background-image":"","background-repeat":"repeat","background-position":"center center","background-size":"auto","background-attachment":"scroll","background-type":"","background-media":"","overlay-type":"","overlay-color":"","overlay-opacity":"","overlay-gradient":""},"tablet":{"background-color":"","background-image":"","background-repeat":"repeat","background-position":"center center","background-size":"auto","background-attachment":"scroll","background-type":"","background-media":"","overlay-type":"","overlay-color":"","overlay-opacity":"","overlay-gradient":""},"mobile":{"background-color":"","background-image":"","background-repeat":"repeat","background-position":"center center","background-size":"auto","background-attachment":"scroll","background-type":"","background-media":"","overlay-type":"","overlay-color":"","overlay-opacity":"","overlay-gradient":""}},"ast-content-background-meta":{"desktop":{"background-color":"var(--ast-global-color-4)","background-image":"","background-repeat":"repeat","background-position":"center center","background-size":"auto","background-attachment":"scroll","background-type":"","background-media":"","overlay-type":"","overlay-color":"","overlay-opacity":"","overlay-gradient":""},"tablet":{"background-color":"var(--ast-global-color-4)","background-image":"","background-repeat":"repeat","background-position":"center center","background-size":"auto","background-attachment":"scroll","background-type":"","background-media":"","overlay-type":"","overlay-color":"","overlay-opacity":"","overlay-gradient":""},"mobile":{"background-color":"var(--ast-global-color-4)","background-image":"","background-repeat":"repeat","background-position":"center center","background-size":"auto","background-attachment":"scroll","background-type":"","background-media":"","overlay-type":"","overlay-color":"","overlay-opacity":"","overlay-gradient":""}},"slim_seo":{"title":"Episodios de Procesando Ideas - Procesando Ideas","description":"Aqu\u00ed tienes el compilado de episodios del podcast Procesando Ideas. An\u00edmate a explorar este mundo sonoro."},"footnotes":""},"class_list":["post-24","page","type-page","status-publish","has-post-thumbnail","hentry"],"uagb_featured_image_src":{"full":["https:\/\/kamaniaudio.com\/procesandoideas\/wp-content\/uploads\/sites\/4\/2025\/10\/Procesando-Ideas.png",1080,1080,false],"thumbnail":["https:\/\/kamaniaudio.com\/procesandoideas\/wp-content\/uploads\/sites\/4\/2025\/10\/Procesando-Ideas-150x150.png",150,150,true],"medium":["https:\/\/kamaniaudio.com\/procesandoideas\/wp-content\/uploads\/sites\/4\/2025\/10\/Procesando-Ideas-300x300.png",300,300,true],"medium_large":["https:\/\/kamaniaudio.com\/procesandoideas\/wp-content\/uploads\/sites\/4\/2025\/10\/Procesando-Ideas-768x768.png",768,768,true],"large":["https:\/\/kamaniaudio.com\/procesandoideas\/wp-content\/uploads\/sites\/4\/2025\/10\/Procesando-Ideas-1024x1024.png",1024,1024,true],"1536x1536":["https:\/\/kamaniaudio.com\/procesandoideas\/wp-content\/uploads\/sites\/4\/2025\/10\/Procesando-Ideas.png",1080,1080,false],"2048x2048":["https:\/\/kamaniaudio.com\/procesandoideas\/wp-content\/uploads\/sites\/4\/2025\/10\/Procesando-Ideas.png",1080,1080,false]},"uagb_author_info":{"display_name":"Richard Mujsica","author_link":"https:\/\/kamaniaudio.com\/procesandoideas\/author\/ricky\/"},"uagb_comment_info":0,"uagb_excerpt":"Aqu\u00ed tienes el compilado de episodios del podcast Procesando Ideas. An\u00edmate a explorar este mundo sonoro.","_links":{"self":[{"href":"https:\/\/kamaniaudio.com\/procesandoideas\/wp-json\/wp\/v2\/pages\/24","targetHints":{"allow":["GET"]}}],"collection":[{"href":"https:\/\/kamaniaudio.com\/procesandoideas\/wp-json\/wp\/v2\/pages"}],"about":[{"href":"https:\/\/kamaniaudio.com\/procesandoideas\/wp-json\/wp\/v2\/types\/page"}],"author":[{"embeddable":true,"href":"https:\/\/kamaniaudio.com\/procesandoideas\/wp-json\/wp\/v2\/users\/5"}],"replies":[{"embeddable":true,"href":"https:\/\/kamaniaudio.com\/procesandoideas\/wp-json\/wp\/v2\/comments?post=24"}],"version-history":[{"count":7,"href":"https:\/\/kamaniaudio.com\/procesandoideas\/wp-json\/wp\/v2\/pages\/24\/revisions"}],"predecessor-version":[{"id":221,"href":"https:\/\/kamaniaudio.com\/procesandoideas\/wp-json\/wp\/v2\/pages\/24\/revisions\/221"}],"wp:featuredmedia":[{"embeddable":true,"href":"https:\/\/kamaniaudio.com\/procesandoideas\/wp-json\/wp\/v2\/media\/28"}],"wp:attachment":[{"href":"https:\/\/kamaniaudio.com\/procesandoideas\/wp-json\/wp\/v2\/media?parent=24"}],"curies":[{"name":"wp","href":"https:\/\/api.w.org\/{rel}","templated":true}]}}